{"id":115,"date":"2016-10-15T22:01:22","date_gmt":"2016-10-15T21:01:22","guid":{"rendered":"http:\/\/astrodescartes.fr\/?page_id=115"},"modified":"2016-10-19T21:45:46","modified_gmt":"2016-10-19T20:45:46","slug":"atelier-2015-sortie-a-juvisy","status":"publish","type":"page","link":"https:\/\/astrodescartes.fr\/?page_id=115","title":{"rendered":"Atelier 2015 : sortie \u00e0 Juvisy"},"content":{"rendered":"<p>Quelques photos prises \u00e0 L&rsquo;observatoire historique de Juvisy sur Orge, class\u00e9 Monument Historique en 2010.<br \/>\nMerci \u00e0 M. Francis Auger, chercheur au CNRS et Vice-Pr\u00e9sident de la SAF (Soci\u00e9t\u00e9 Astronomique de France dont Camille Flammarion est le <a href=\"http:\/\/saf-astronomie.fr\/la-vie-de-camille-flammarion\/\" target=\"_blank\">fondateur<\/a>) qui nous a fait visiter ce lieu \u00e9mouvant charg\u00e9 d&rsquo;histoire.<br \/>\n\n\t\t<style type=\"text\/css\">\n\t\t\t#gallery-1 {\n\t\t\t\tmargin: auto;\n\t\t\t}\n\t\t\t#gallery-1 .gallery-item {\n\t\t\t\tfloat: left;\n\t\t\t\tmargin-top: 10px;\n\t\t\t\ttext-align: center;\n\t\t\t\twidth: 33%;\n\t\t\t}\n\t\t\t#gallery-1 img {\n\t\t\t\tborder: 2px solid #cfcfcf;\n\t\t\t}\n\t\t\t#gallery-1 .gallery-caption {\n\t\t\t\tmargin-left: 0;\n\t\t\t}\n\t\t\t\/* see gallery_shortcode() in wp-includes\/media.php *\/\n\t\t<\/style>\n\t\t<div id='gallery-1' class='gallery galleryid-115 gallery-columns-3 gallery-size-thumbnail'><dl class='gallery-item'>\n\t\t\t<dt class='gallery-icon landscape'>\n\t\t\t\t<a href='https:\/\/astrodescartes.fr\/?attachment_id=139'><img loading=\"lazy\" decoding=\"async\" width=\"150\" height=\"150\" src=\"https:\/\/astrodescartes.fr\/wp-content\/uploads\/2016\/10\/lunette-historique-de-Flammarion-1-150x150.jpg\" class=\"attachment-thumbnail size-thumbnail no-lazy\" alt=\"\" aria-describedby=\"gallery-1-139\" \/><\/a>\n\t\t\t<\/dt>\n\t\t\t\t<dd class='wp-caption-text gallery-caption' id='gallery-1-139'>\n\t\t\t\tLa lunette historique historique de Camille Flammarion \n\t\t\t\t<\/dd><\/dl><dl class='gallery-item'>\n\t\t\t<dt class='gallery-icon portrait'>\n\t\t\t\t<a href='https:\/\/astrodescartes.fr\/?attachment_id=140'><img loading=\"lazy\" decoding=\"async\" width=\"150\" height=\"150\" src=\"https:\/\/astrodescartes.fr\/wp-content\/uploads\/2016\/10\/taches-groupe-2443-observees-malgre-les-nuages-150x150.jpg\" class=\"attachment-thumbnail size-thumbnail no-lazy\" alt=\"\" aria-describedby=\"gallery-1-140\" \/><\/a>\n\t\t\t<\/dt>\n\t\t\t\t<dd class='wp-caption-text gallery-caption' id='gallery-1-140'>\n\t\t\t\tTaches groupe 2443 observ\u00e9es malgr\u00e9 les nuages\n\t\t\t\t<\/dd><\/dl><dl class='gallery-item'>\n\t\t\t<dt class='gallery-icon portrait'>\n\t\t\t\t<a href='https:\/\/astrodescartes.fr\/?attachment_id=138'><img loading=\"lazy\" decoding=\"async\" width=\"150\" height=\"150\" src=\"https:\/\/astrodescartes.fr\/wp-content\/uploads\/2016\/10\/le-groupe-150x150.jpg\" class=\"attachment-thumbnail size-thumbnail no-lazy\" alt=\"\" aria-describedby=\"gallery-1-138\" \/><\/a>\n\t\t\t<\/dt>\n\t\t\t\t<dd class='wp-caption-text gallery-caption' id='gallery-1-138'>\n\t\t\t\tPhoto du groupe \n\t\t\t\t<\/dd><\/dl><br style=\"clear: both\" \/><dl class='gallery-item'>\n\t\t\t<dt class='gallery-icon portrait'>\n\t\t\t\t<a href='https:\/\/astrodescartes.fr\/?attachment_id=117'><img loading=\"lazy\" decoding=\"async\" width=\"150\" height=\"150\" src=\"https:\/\/astrodescartes.fr\/wp-content\/uploads\/2016\/10\/IMG_4921-1-150x150.jpg\" class=\"attachment-thumbnail size-thumbnail no-lazy\" alt=\"\" aria-describedby=\"gallery-1-117\" \/><\/a>\n\t\t\t<\/dt>\n\t\t\t\t<dd class='wp-caption-text gallery-caption' id='gallery-1-117'>\n\t\t\t\tM. Auger\n\t\t\t\t<\/dd><\/dl><dl class='gallery-item'>\n\t\t\t<dt class='gallery-icon portrait'>\n\t\t\t\t<a href='https:\/\/astrodescartes.fr\/?attachment_id=141'><img loading=\"lazy\" decoding=\"async\" width=\"150\" height=\"150\" src=\"https:\/\/astrodescartes.fr\/wp-content\/uploads\/2016\/10\/IMG_4936-150x150.jpg\" class=\"attachment-thumbnail size-thumbnail no-lazy\" alt=\"\" aria-describedby=\"gallery-1-141\" \/><\/a>\n\t\t\t<\/dt>\n\t\t\t\t<dd class='wp-caption-text gallery-caption' id='gallery-1-141'>\n\t\t\t\tLe professeur posant sur l&rsquo;\u00e9chelle de Camille Flammarion\n\t\t\t\t<\/dd><\/dl><dl class='gallery-item'>\n\t\t\t<dt class='gallery-icon portrait'>\n\t\t\t\t<a href='https:\/\/astrodescartes.fr\/?attachment_id=137'><img loading=\"lazy\" decoding=\"async\" width=\"150\" height=\"150\" src=\"https:\/\/astrodescartes.fr\/wp-content\/uploads\/2016\/10\/comme-dans-un-Jules-Verne-150x150.jpg\" class=\"attachment-thumbnail size-thumbnail no-lazy\" alt=\"\" aria-describedby=\"gallery-1-137\" \/><\/a>\n\t\t\t<\/dt>\n\t\t\t\t<dd class='wp-caption-text gallery-caption' id='gallery-1-137'>\n\t\t\t\tLa coupole au sommet du b\u00e2timent : on se croirait dans un Jules Verne!\n\t\t\t\t<\/dd><\/dl><br style=\"clear: both\" \/>\n\t\t<\/div>\n<\/p>\n","protected":false},"excerpt":{"rendered":"<p>Quelques photos prises \u00e0 L&rsquo;observatoire historique de Juvisy sur Orge, class\u00e9 Monument Historique en 2010. Merci \u00e0 M. Francis Auger, chercheur au CNRS et Vice-Pr\u00e9sident de la SAF (Soci\u00e9t\u00e9 Astronomique de France dont Camille Flammarion est le fondateur) qui nous a fait visiter ce lieu \u00e9mouvant charg\u00e9 d&rsquo;histoire.<\/p>\n","protected":false},"author":1,"featured_media":0,"parent":0,"menu_order":0,"comment_status":"closed","ping_status":"closed","template":"","meta":{"footnotes":""},"class_list":["post-115","page","type-page","status-publish","czr-hentry"],"_links":{"self":[{"href":"https:\/\/astrodescartes.fr\/index.php?rest_route=\/wp\/v2\/pages\/115","targetHints":{"allow":["GET"]}}],"collection":[{"href":"https:\/\/astrodescartes.fr\/index.php?rest_route=\/wp\/v2\/pages"}],"about":[{"href":"https:\/\/astrodescartes.fr\/index.php?rest_route=\/wp\/v2\/types\/page"}],"author":[{"embeddable":true,"href":"https:\/\/astrodescartes.fr\/index.php?rest_route=\/wp\/v2\/users\/1"}],"replies":[{"embeddable":true,"href":"https:\/\/astrodescartes.fr\/index.php?rest_route=%2Fwp%2Fv2%2Fcomments&post=115"}],"version-history":[{"count":4,"href":"https:\/\/astrodescartes.fr\/index.php?rest_route=\/wp\/v2\/pages\/115\/revisions"}],"predecessor-version":[{"id":142,"href":"https:\/\/astrodescartes.fr\/index.php?rest_route=\/wp\/v2\/pages\/115\/revisions\/142"}],"wp:attachment":[{"href":"https:\/\/astrodescartes.fr\/index.php?rest_route=%2Fwp%2Fv2%2Fmedia&parent=115"}],"curies":[{"name":"wp","href":"https:\/\/api.w.org\/{rel}","templated":true}]}}