{"id":18,"date":"2016-10-11T13:31:02","date_gmt":"2016-10-11T12:31:02","guid":{"rendered":"http:\/\/astrodescartes.fr\/?page_id=18"},"modified":"2016-10-21T21:14:53","modified_gmt":"2016-10-21T20:14:53","slug":"a-propos-de-site","status":"publish","type":"page","link":"https:\/\/astrodescartes.fr\/?page_id=18","title":{"rendered":"\u00e0 propos de ce site"},"content":{"rendered":"<p style=\"text-align: center;\">Site cr\u00e9\u00e9 pour faire connaitre les productions et les activit\u00e9s au sein de l&rsquo;atelier scientifique du <a href=\"http:\/\/www.lyc-descartes-montigny.ac-versailles.fr\" target=\"_blank\">lyc\u00e9e Descartes de Montigny Le Bretonneux<\/a> (78)<\/p>\n<p>Pour toute question vous pouvez envoyer un mail \u00e0 jflesaux at orange.fr<\/p>\n","protected":false},"excerpt":{"rendered":"<p>Site cr\u00e9\u00e9 pour faire connaitre les productions et les activit\u00e9s au sein de l&rsquo;atelier scientifique du lyc\u00e9e Descartes de Montigny Le Bretonneux (78) Pour toute question vous pouvez envoyer un mail \u00e0 jflesaux at orange.fr<\/p>\n","protected":false},"author":1,"featured_media":0,"parent":0,"menu_order":0,"comment_status":"closed","ping_status":"closed","template":"","meta":{"footnotes":""},"class_list":["post-18","page","type-page","status-publish","czr-hentry"],"_links":{"self":[{"href":"https:\/\/astrodescartes.fr\/index.php?rest_route=\/wp\/v2\/pages\/18","targetHints":{"allow":["GET"]}}],"collection":[{"href":"https:\/\/astrodescartes.fr\/index.php?rest_route=\/wp\/v2\/pages"}],"about":[{"href":"https:\/\/astrodescartes.fr\/index.php?rest_route=\/wp\/v2\/types\/page"}],"author":[{"embeddable":true,"href":"https:\/\/astrodescartes.fr\/index.php?rest_route=\/wp\/v2\/users\/1"}],"replies":[{"embeddable":true,"href":"https:\/\/astrodescartes.fr\/index.php?rest_route=%2Fwp%2Fv2%2Fcomments&post=18"}],"version-history":[{"count":5,"href":"https:\/\/astrodescartes.fr\/index.php?rest_route=\/wp\/v2\/pages\/18\/revisions"}],"predecessor-version":[{"id":153,"href":"https:\/\/astrodescartes.fr\/index.php?rest_route=\/wp\/v2\/pages\/18\/revisions\/153"}],"wp:attachment":[{"href":"https:\/\/astrodescartes.fr\/index.php?rest_route=%2Fwp%2Fv2%2Fmedia&parent=18"}],"curies":[{"name":"wp","href":"https:\/\/api.w.org\/{rel}","templated":true}]}}