{"id":22,"date":"2016-10-11T14:02:03","date_gmt":"2016-10-11T13:02:03","guid":{"rendered":"http:\/\/astrodescartes.fr\/?page_id=22"},"modified":"2016-11-02T12:52:47","modified_gmt":"2016-11-02T11:52:47","slug":"atelier-2016-ballon-sonde-stratospherique","status":"publish","type":"page","link":"https:\/\/astrodescartes.fr\/?page_id=22","title":{"rendered":"Atelier 2016 : Ballon sonde stratosph\u00e9rique."},"content":{"rendered":"<p><em>S\u2019envoler le plus haut possible est un r\u00eave que tout \u00eatre humain a du faire au moins une fois dans sa vie. S\u2019imaginer voler assez haut pour observer la Terre tel un oiseau est un r\u00eave qui semble inaccessible\u2026et pourtant nul besoin de risquer tel Icare de se bruler les ailes\u00a0! <\/em><\/p>\n<p><em>Il suffit d\u2019envoyer un ballon gonfl\u00e9 d\u2019h\u00e9lium et d\u2019y adjoindre une cam\u00e9ra\u00a0! On peut alors s\u2019imaginer monter bien au-del\u00e0 du vol des oiseaux\u00a0!<\/em><\/p>\n<p><em>Parall\u00e8lement, ce projet permet de faire des sciences\u00a0: \u00e9tude d\u2019aspects historiques sur les ballons, mesures de pression, de temp\u00e9rature\u2026meilleure connaissance des diff\u00e9rentes couches de l\u2019atmosph\u00e8re, \u00e9tude m\u00e9canique du vol du ballon,\u2026 <\/em><\/p>\n<p>Voir aussi sur le <a href=\"http:\/\/www.lyc-descartes-montigny.ac-versailles.fr\/2016\/10\/04\/projet-scientifique-2016-2017\/\" target=\"_blank\">site du lyc\u00e9e<\/a> en meilleure qualit\u00e9.<\/p>\n<div style=\"width: 426px;\" class=\"wp-video\"><!--[if lt IE 9]><script>document.createElement('video');<\/script><![endif]-->\n<video class=\"wp-video-shortcode\" id=\"video-22-1\" width=\"426\" height=\"240\" preload=\"metadata\" controls=\"controls\"><source type=\"video\/mp4\" src=\"http:\/\/astrodescartes.fr\/wp-content\/uploads\/2016\/10\/projet-de-lancer-de-ballon-sonde-av-musique-basse-qual.mp4?_=1\" \/><a href=\"http:\/\/astrodescartes.fr\/wp-content\/uploads\/2016\/10\/projet-de-lancer-de-ballon-sonde-av-musique-basse-qual.mp4\">http:\/\/astrodescartes.fr\/wp-content\/uploads\/2016\/10\/projet-de-lancer-de-ballon-sonde-av-musique-basse-qual.mp4<\/a><\/video><\/div>\n<p>lien vers <a href=\"http:\/\/astrodescartes.fr\/?p=198\">l&rsquo;article sur l&rsquo;observation de la Station Spatiale cet \u00e9t\u00e9<\/a> <\/p>\n","protected":false},"excerpt":{"rendered":"<p>S\u2019envoler le plus haut possible est un r\u00eave que tout \u00eatre humain a du faire au moins une fois dans sa vie. S\u2019imaginer voler assez haut pour observer la Terre tel un oiseau est un r\u00eave qui semble inaccessible\u2026et pourtant nul besoin de risquer tel Icare de se bruler les ailes\u00a0! Il suffit d\u2019envoyer un [&hellip;]<\/p>\n","protected":false},"author":1,"featured_media":0,"parent":0,"menu_order":0,"comment_status":"closed","ping_status":"closed","template":"","meta":{"footnotes":""},"class_list":["post-22","page","type-page","status-publish","czr-hentry"],"_links":{"self":[{"href":"https:\/\/astrodescartes.fr\/index.php?rest_route=\/wp\/v2\/pages\/22","targetHints":{"allow":["GET"]}}],"collection":[{"href":"https:\/\/astrodescartes.fr\/index.php?rest_route=\/wp\/v2\/pages"}],"about":[{"href":"https:\/\/astrodescartes.fr\/index.php?rest_route=\/wp\/v2\/types\/page"}],"author":[{"embeddable":true,"href":"https:\/\/astrodescartes.fr\/index.php?rest_route=\/wp\/v2\/users\/1"}],"replies":[{"embeddable":true,"href":"https:\/\/astrodescartes.fr\/index.php?rest_route=%2Fwp%2Fv2%2Fcomments&post=22"}],"version-history":[{"count":5,"href":"https:\/\/astrodescartes.fr\/index.php?rest_route=\/wp\/v2\/pages\/22\/revisions"}],"predecessor-version":[{"id":210,"href":"https:\/\/astrodescartes.fr\/index.php?rest_route=\/wp\/v2\/pages\/22\/revisions\/210"}],"wp:attachment":[{"href":"https:\/\/astrodescartes.fr\/index.php?rest_route=%2Fwp%2Fv2%2Fmedia&parent=22"}],"curies":[{"name":"wp","href":"https:\/\/api.w.org\/{rel}","templated":true}]}}