{"id":37,"date":"2016-10-11T21:18:45","date_gmt":"2016-10-11T20:18:45","guid":{"rendered":"http:\/\/astrodescartes.fr\/?page_id=37"},"modified":"2016-11-01T01:30:19","modified_gmt":"2016-11-01T00:30:19","slug":"atelier-2015-ciel-profond-region-parisienne","status":"publish","type":"page","link":"https:\/\/astrodescartes.fr\/?page_id=37","title":{"rendered":"Atelier 2015 : Le ciel profond en r\u00e9gion parisienne"},"content":{"rendered":"<p>Voici une vid\u00e9o qui r\u00e9sume notre nuit d&rsquo;observation : <\/p>\n<div style=\"width: 426px;\" class=\"wp-video\"><!--[if lt IE 9]><script>document.createElement('video');<\/script><![endif]-->\n<video class=\"wp-video-shortcode\" id=\"video-37-1\" width=\"426\" height=\"240\" preload=\"metadata\" controls=\"controls\"><source type=\"video\/mp4\" src=\"http:\/\/astrodescartes.fr\/wp-content\/uploads\/2016\/10\/timelapse-buthiers-basse-qualit\u00e9.mp4?_=1\" \/><a href=\"http:\/\/astrodescartes.fr\/wp-content\/uploads\/2016\/10\/timelapse-buthiers-basse-qualit\u00e9.mp4\">http:\/\/astrodescartes.fr\/wp-content\/uploads\/2016\/10\/timelapse-buthiers-basse-qualit\u00e9.mp4<\/a><\/video><\/div>\n<p>Photo souvenir :<br \/>\n<div id=\"attachment_112\" style=\"width: 310px\" class=\"wp-caption alignnone\"><a href=\"http:\/\/astrodescartes.fr\/wp-content\/uploads\/2016\/10\/LIGHT_Tv15s_6400iso_f4-5_15c_20160501-00h46m39s900ms.jpg\"><img loading=\"lazy\" decoding=\"async\" aria-describedby=\"caption-attachment-112\" src=\"http:\/\/astrodescartes.fr\/wp-content\/uploads\/2016\/10\/LIGHT_Tv15s_6400iso_f4-5_15c_20160501-00h46m39s900ms-300x200.jpg\" alt=\"Buthiers 2016 timelapse\" width=\"300\" height=\"200\" class=\"size-medium wp-image-112\" srcset=\"https:\/\/astrodescartes.fr\/wp-content\/uploads\/2016\/10\/LIGHT_Tv15s_6400iso_f4-5_15c_20160501-00h46m39s900ms-300x200.jpg 300w, https:\/\/astrodescartes.fr\/wp-content\/uploads\/2016\/10\/LIGHT_Tv15s_6400iso_f4-5_15c_20160501-00h46m39s900ms-768x512.jpg 768w, https:\/\/astrodescartes.fr\/wp-content\/uploads\/2016\/10\/LIGHT_Tv15s_6400iso_f4-5_15c_20160501-00h46m39s900ms-1024x683.jpg 1024w\" sizes=\"auto, (max-width: 300px) 100vw, 300px\" \/><\/a><p id=\"caption-attachment-112\" class=\"wp-caption-text\">Buthiers 2016 timelapse<\/p><\/div><br \/>\n Objectif : d\u00e9couvrir l\u2019utilisation d\u2019un t\u00e9lescope (installation, mise en station) et sa mise en \u0153uvre pour faire de l\u2019imagerie du ciel profond (autoguidage, acquisition \u00e0 l\u2019aide du canon Eos 600d). Traitement des images. Connaissances sur la formation des \u00e9toiles et l\u2019\u00e9volution stellaire. D\u00e9couverte de lieux li\u00e9s \u00e0 l\u2019astronomie : l\u2019observatoire historique de Camille Flammarion \u00e0 Juvisy et celui de Buthiers.<\/p>\n<p>Ci-dessous : M82 , une galaxie photographi\u00e9e avec notre mat\u00e9riel depuis le lyc\u00e9e : la lumi\u00e8re a \u00ab\u00a0voyag\u00e9\u00a0\u00bb pendant 15 millions d&rsquo;ann\u00e9es avant d&rsquo;arriver jusqu&rsquo;au capteur!<\/p>\n<p> 100 secondes de pose \u00e0 800 iso, EOS 600D, tube C8.<\/p>\n<p><a href=\"http:\/\/astrodescartes.fr\/wp-content\/uploads\/2016\/10\/M82-le-16-2-2016.jpg\"><img loading=\"lazy\" decoding=\"async\" src=\"http:\/\/astrodescartes.fr\/wp-content\/uploads\/2016\/10\/M82-le-16-2-2016-300x300.jpg\" alt=\"m82-le-16-2-2016\" width=\"300\" height=\"300\" class=\"alignnone size-medium wp-image-172\" srcset=\"https:\/\/astrodescartes.fr\/wp-content\/uploads\/2016\/10\/M82-le-16-2-2016-300x300.jpg 300w, https:\/\/astrodescartes.fr\/wp-content\/uploads\/2016\/10\/M82-le-16-2-2016-150x150.jpg 150w, https:\/\/astrodescartes.fr\/wp-content\/uploads\/2016\/10\/M82-le-16-2-2016-768x768.jpg 768w, https:\/\/astrodescartes.fr\/wp-content\/uploads\/2016\/10\/M82-le-16-2-2016-1024x1024.jpg 1024w\" sizes=\"auto, (max-width: 300px) 100vw, 300px\" \/><\/a><\/p>\n<p>M51, 300secondes de pose, 800 ISO.<\/p>\n<p><a href=\"http:\/\/astrodescartes.fr\/wp-content\/uploads\/2016\/10\/m51_800_-30_4.jpg\"><img loading=\"lazy\" decoding=\"async\" src=\"http:\/\/astrodescartes.fr\/wp-content\/uploads\/2016\/10\/m51_800_-30_4-300x200.jpg\" alt=\"m51_800_-30_4\" width=\"300\" height=\"200\" class=\"alignnone size-medium wp-image-190\" srcset=\"https:\/\/astrodescartes.fr\/wp-content\/uploads\/2016\/10\/m51_800_-30_4-300x200.jpg 300w, https:\/\/astrodescartes.fr\/wp-content\/uploads\/2016\/10\/m51_800_-30_4-768x512.jpg 768w, https:\/\/astrodescartes.fr\/wp-content\/uploads\/2016\/10\/m51_800_-30_4-1024x682.jpg 1024w\" sizes=\"auto, (max-width: 300px) 100vw, 300px\" \/><\/a><\/p>\n","protected":false},"excerpt":{"rendered":"<p>Voici une vid\u00e9o qui r\u00e9sume notre nuit d&rsquo;observation : Photo souvenir : Objectif : d\u00e9couvrir l\u2019utilisation d\u2019un t\u00e9lescope (installation, mise en station) et sa mise en \u0153uvre pour faire de l\u2019imagerie du ciel profond (autoguidage, acquisition \u00e0 l\u2019aide du canon Eos 600d). Traitement des images. Connaissances sur la formation des \u00e9toiles et l\u2019\u00e9volution stellaire. D\u00e9couverte [&hellip;]<\/p>\n","protected":false},"author":1,"featured_media":0,"parent":0,"menu_order":0,"comment_status":"closed","ping_status":"closed","template":"","meta":{"footnotes":""},"class_list":["post-37","page","type-page","status-publish","czr-hentry"],"_links":{"self":[{"href":"https:\/\/astrodescartes.fr\/index.php?rest_route=\/wp\/v2\/pages\/37","targetHints":{"allow":["GET"]}}],"collection":[{"href":"https:\/\/astrodescartes.fr\/index.php?rest_route=\/wp\/v2\/pages"}],"about":[{"href":"https:\/\/astrodescartes.fr\/index.php?rest_route=\/wp\/v2\/types\/page"}],"author":[{"embeddable":true,"href":"https:\/\/astrodescartes.fr\/index.php?rest_route=\/wp\/v2\/users\/1"}],"replies":[{"embeddable":true,"href":"https:\/\/astrodescartes.fr\/index.php?rest_route=%2Fwp%2Fv2%2Fcomments&post=37"}],"version-history":[{"count":6,"href":"https:\/\/astrodescartes.fr\/index.php?rest_route=\/wp\/v2\/pages\/37\/revisions"}],"predecessor-version":[{"id":191,"href":"https:\/\/astrodescartes.fr\/index.php?rest_route=\/wp\/v2\/pages\/37\/revisions\/191"}],"wp:attachment":[{"href":"https:\/\/astrodescartes.fr\/index.php?rest_route=%2Fwp%2Fv2%2Fmedia&parent=37"}],"curies":[{"name":"wp","href":"https:\/\/api.w.org\/{rel}","templated":true}]}}