{"id":39,"date":"2016-10-11T21:20:09","date_gmt":"2016-10-11T20:20:09","guid":{"rendered":"http:\/\/astrodescartes.fr\/?page_id=39"},"modified":"2016-11-01T01:01:06","modified_gmt":"2016-11-01T00:01:06","slug":"atelier-2014-vivons-meme-ciel","status":"publish","type":"page","link":"https:\/\/astrodescartes.fr\/?page_id=39","title":{"rendered":"Atelier 2014 : Vivons nous tous sous le m\u00eame ciel?"},"content":{"rendered":"<p>Voici les moments forts de l&rsquo;ann\u00e9e 2014-2015.<br \/>\nA d\u00e9faut d&rsquo;avoir pu observer l&rsquo;\u00e9clipse, gr\u00e2ce \u00e0 M. Wim Van Driel nous en savons beaucoup plus sur le ciel chinois!<\/p>\n<p><a href=\"http:\/\/astrodescartes.fr\/wp-content\/uploads\/2016\/10\/\u00e9clipse_2015.jpg\"><img loading=\"lazy\" decoding=\"async\" class=\"alignnone size-medium wp-image-182\" src=\"http:\/\/astrodescartes.fr\/wp-content\/uploads\/2016\/10\/\u00e9clipse_2015-300x136.jpg\" alt=\"eclipse_2015\" width=\"300\" height=\"136\" srcset=\"https:\/\/astrodescartes.fr\/wp-content\/uploads\/2016\/10\/\u00e9clipse_2015-300x136.jpg 300w, https:\/\/astrodescartes.fr\/wp-content\/uploads\/2016\/10\/\u00e9clipse_2015-768x348.jpg 768w, https:\/\/astrodescartes.fr\/wp-content\/uploads\/2016\/10\/\u00e9clipse_2015-1024x464.jpg 1024w\" sizes=\"auto, (max-width: 300px) 100vw, 300px\" \/><\/a><\/p>\n<p><a href=\"http:\/\/astrodescartes.fr\/wp-content\/uploads\/2016\/10\/P1070368-e1477957938958.jpg\"><img loading=\"lazy\" decoding=\"async\" class=\"alignnone size-medium wp-image-183\" src=\"http:\/\/astrodescartes.fr\/wp-content\/uploads\/2016\/10\/P1070368-e1477957938958-225x300.jpg\" alt=\"t\u00e9lescope\" width=\"225\" height=\"300\" srcset=\"https:\/\/astrodescartes.fr\/wp-content\/uploads\/2016\/10\/P1070368-e1477957938958-225x300.jpg 225w, https:\/\/astrodescartes.fr\/wp-content\/uploads\/2016\/10\/P1070368-e1477957938958-768x1024.jpg 768w\" sizes=\"auto, (max-width: 225px) 100vw, 225px\" \/><\/a><\/p>\n<p><a href=\"http:\/\/astrodescartes.fr\/wp-content\/uploads\/2016\/10\/conf-18-dec-2014.jpg\"><img loading=\"lazy\" decoding=\"async\" class=\"alignnone size-medium wp-image-184\" src=\"http:\/\/astrodescartes.fr\/wp-content\/uploads\/2016\/10\/conf-18-dec-2014-300x200.jpg\" alt=\"conf-18-dec-2014\" width=\"300\" height=\"200\" srcset=\"https:\/\/astrodescartes.fr\/wp-content\/uploads\/2016\/10\/conf-18-dec-2014-300x200.jpg 300w, https:\/\/astrodescartes.fr\/wp-content\/uploads\/2016\/10\/conf-18-dec-2014-768x512.jpg 768w, https:\/\/astrodescartes.fr\/wp-content\/uploads\/2016\/10\/conf-18-dec-2014-1024x683.jpg 1024w\" sizes=\"auto, (max-width: 300px) 100vw, 300px\" \/><\/a><\/p>\n<p><a href=\"http:\/\/astrodescartes.fr\/wp-content\/uploads\/2016\/10\/ann\u00e9e-2014-2015.pdf\"> r\u00e9sum\u00e9 de l&rsquo;ann\u00e9e-2014-2015<\/a><\/p>\n<p><a href=\"http:\/\/astrodescartes.fr\/wp-content\/uploads\/2016\/10\/parrainage_Lesaux_ciel_chinoix_v5.pdf\"> conf\u00e9rence de M. Wim Van Driel <\/a><\/p>\n<p><a href=\"http:\/\/astrodescartes.fr\/wp-content\/uploads\/2016\/10\/Lecorguill\u00e9-Marie-Saison-Albane-Barou-Lucie-Menard-Ali\u00e9nor-expos\u00e9-sur-lastronomie-chinoise-2nde7.pdf\"> pr\u00e9sentation d\u2019\u00e9l\u00e8ves sur la sortie au LATMOS <\/a><\/p>\n","protected":false},"excerpt":{"rendered":"<p>Voici les moments forts de l&rsquo;ann\u00e9e 2014-2015. A d\u00e9faut d&rsquo;avoir pu observer l&rsquo;\u00e9clipse, gr\u00e2ce \u00e0 M. Wim Van Driel nous en savons beaucoup plus sur le ciel chinois! r\u00e9sum\u00e9 de l&rsquo;ann\u00e9e-2014-2015 conf\u00e9rence de M. Wim Van Driel pr\u00e9sentation d\u2019\u00e9l\u00e8ves sur la sortie au LATMOS<\/p>\n","protected":false},"author":1,"featured_media":0,"parent":0,"menu_order":0,"comment_status":"closed","ping_status":"closed","template":"","meta":{"footnotes":""},"class_list":["post-39","page","type-page","status-publish","czr-hentry"],"_links":{"self":[{"href":"https:\/\/astrodescartes.fr\/index.php?rest_route=\/wp\/v2\/pages\/39","targetHints":{"allow":["GET"]}}],"collection":[{"href":"https:\/\/astrodescartes.fr\/index.php?rest_route=\/wp\/v2\/pages"}],"about":[{"href":"https:\/\/astrodescartes.fr\/index.php?rest_route=\/wp\/v2\/types\/page"}],"author":[{"embeddable":true,"href":"https:\/\/astrodescartes.fr\/index.php?rest_route=\/wp\/v2\/users\/1"}],"replies":[{"embeddable":true,"href":"https:\/\/astrodescartes.fr\/index.php?rest_route=%2Fwp%2Fv2%2Fcomments&post=39"}],"version-history":[{"count":5,"href":"https:\/\/astrodescartes.fr\/index.php?rest_route=\/wp\/v2\/pages\/39\/revisions"}],"predecessor-version":[{"id":186,"href":"https:\/\/astrodescartes.fr\/index.php?rest_route=\/wp\/v2\/pages\/39\/revisions\/186"}],"wp:attachment":[{"href":"https:\/\/astrodescartes.fr\/index.php?rest_route=%2Fwp%2Fv2%2Fmedia&parent=39"}],"curies":[{"name":"wp","href":"https:\/\/api.w.org\/{rel}","templated":true}]}}