{"id":99,"date":"2016-10-14T21:09:10","date_gmt":"2016-10-14T20:09:10","guid":{"rendered":"http:\/\/astrodescartes.fr\/?page_id=99"},"modified":"2016-10-31T22:50:11","modified_gmt":"2016-10-31T21:50:11","slug":"ateliers-annees-anterieures","status":"publish","type":"page","link":"https:\/\/astrodescartes.fr\/?page_id=99","title":{"rendered":"Ateliers ann\u00e9es ant\u00e9rieures"},"content":{"rendered":"<p>L&rsquo;atelier existe depuis 2009; choisissez une ann\u00e9e pour obtenir des d\u00e9tails<\/p>\n","protected":false},"excerpt":{"rendered":"<p>L&rsquo;atelier existe depuis 2009; choisissez une ann\u00e9e pour obtenir des d\u00e9tails<\/p>\n","protected":false},"author":1,"featured_media":0,"parent":0,"menu_order":0,"comment_status":"closed","ping_status":"closed","template":"","meta":{"footnotes":""},"class_list":["post-99","page","type-page","status-publish","czr-hentry"],"_links":{"self":[{"href":"https:\/\/astrodescartes.fr\/index.php?rest_route=\/wp\/v2\/pages\/99","targetHints":{"allow":["GET"]}}],"collection":[{"href":"https:\/\/astrodescartes.fr\/index.php?rest_route=\/wp\/v2\/pages"}],"about":[{"href":"https:\/\/astrodescartes.fr\/index.php?rest_route=\/wp\/v2\/types\/page"}],"author":[{"embeddable":true,"href":"https:\/\/astrodescartes.fr\/index.php?rest_route=\/wp\/v2\/users\/1"}],"replies":[{"embeddable":true,"href":"https:\/\/astrodescartes.fr\/index.php?rest_route=%2Fwp%2Fv2%2Fcomments&post=99"}],"version-history":[{"count":2,"href":"https:\/\/astrodescartes.fr\/index.php?rest_route=\/wp\/v2\/pages\/99\/revisions"}],"predecessor-version":[{"id":171,"href":"https:\/\/astrodescartes.fr\/index.php?rest_route=\/wp\/v2\/pages\/99\/revisions\/171"}],"wp:attachment":[{"href":"https:\/\/astrodescartes.fr\/index.php?rest_route=%2Fwp%2Fv2%2Fmedia&parent=99"}],"curies":[{"name":"wp","href":"https:\/\/api.w.org\/{rel}","templated":true}]}}